{"id":720,"date":"2025-08-19T22:03:01","date_gmt":"2025-08-19T20:03:01","guid":{"rendered":"https:\/\/dysitech.com\/?page_id=720"},"modified":"2025-08-20T01:32:26","modified_gmt":"2025-08-19T23:32:26","slug":"mentions-legales","status":"publish","type":"page","link":"https:\/\/dysitech.com\/en\/mentions-legales\/","title":{"rendered":"Mentions L\u00e9gales"},"content":{"rendered":"<div class=\"wp-block-cover alignfull\" style=\"min-height:265px;aspect-ratio:unset;\"><span aria-hidden=\"true\" class=\"wp-block-cover__background has-heading-background-color has-background-dim-100 has-background-dim\"><\/span><div class=\"wp-block-cover__inner-container has-global-padding is-layout-constrained wp-block-cover-is-layout-constrained\">\n<h1 class=\"wp-block-heading has-text-align-center has-xx-large-font-size\">Mentions L\u00e9gales<\/h1>\n<\/div><\/div>\n\n\n\n<p>DYSITECH.COM<\/p>\n\n\n\n<p class=\"has-x-small-font-size\">Conform\u00e9ment aux dispositions des articles 6-III et 19 de la Loi n\u00b0 2004-575 du 21 juin 2004 pour la confiance dans l&rsquo;\u00e9conomie num\u00e9rique, dite L.C.E.N. nous portons \u00e0 la connaissance des utilisateurs et visiteurs du site :\u00a0<a href=\"https:\/\/dysitech.com\/en\/\" target=\"_blank\" rel=\"noreferrer noopener\">www.dysitech.com<\/a>\u00a0les informations suivantes :<\/p>\n\n\n\n<p><strong>\u00c9DITEUR<\/strong><\/p>\n\n\n\n<p class=\"has-x-small-font-size\">Le site&nbsp;<a href=\"https:\/\/dysitech.com\/en\/\" target=\"_blank\" rel=\"noreferrer noopener\">www.dysitech.com<\/a>&nbsp;est la propri\u00e9t\u00e9 exclusive de<strong>&nbsp;DYSITECH SAS<\/strong>, qui l&rsquo;\u00e9dite.<\/p>\n\n\n\n<p><strong>DYSITECH<\/strong><\/p>\n\n\n\n<p class=\"has-x-small-font-size\">Soci\u00e9t\u00e9 par actions simplifi\u00e9e, immatricul\u00e9e au RCS de&nbsp; Clermont-Ferrand<strong>&nbsp;<\/strong>sous le num\u00e9ro<strong>&nbsp;<\/strong>985400811,<\/p>\n\n\n\n<p class=\"has-x-small-font-size\">Repr\u00e9sent\u00e9 par Bastien Cruvellier en qualit\u00e9 de pr\u00e9sident directeur g\u00e9n\u00e9ral.<\/p>\n\n\n\n<p class=\"has-x-small-font-size\">Adresse de courrier \u00e9lectronique :&nbsp;<strong>contact@dysitech.com<\/strong>&nbsp;<\/p>\n\n\n\n<p class=\"has-x-small-font-size\">Directeur de la&nbsp; publication :&nbsp;<strong>Bastien Cruvellier<\/strong><\/p>\n\n\n\n<p class=\"has-x-small-font-size\">Contactez le responsable de la publication :&nbsp;<strong>contact@dysitech.com<\/strong><\/p>\n\n\n\n<p><strong>H\u00c9BERGEMENT<\/strong><\/p>\n\n\n\n<p class=\"has-x-small-font-size\">Le site est h\u00e9berg\u00e9 par&nbsp;<strong>LWS 10 rue Penthi\u00e8vre 75008 Paris<\/strong><\/p>","protected":false},"excerpt":{"rendered":"<p>DYSITECH.COM Conform\u00e9ment aux dispositions des articles 6-III et 19 de la Loi n\u00b0 2004-575 du 21 juin 2004 pour la confiance dans l&rsquo;\u00e9conomie num\u00e9rique, dite L.C.E.N. nous portons \u00e0 la connaissance des utilisateurs et visiteurs du site :\u00a0www.dysitech.com\u00a0les informations suivantes : \u00c9DITEUR Le site&nbsp;www.dysitech.com&nbsp;est la propri\u00e9t\u00e9 exclusive de&nbsp;DYSITECH SAS, qui l&rsquo;\u00e9dite. DYSITECH Soci\u00e9t\u00e9 par actions [&hellip;]<\/p>","protected":false},"author":1,"featured_media":0,"parent":0,"menu_order":0,"comment_status":"closed","ping_status":"closed","template":"","meta":{"_swt_meta_header_display":false,"_swt_meta_footer_display":false,"_swt_meta_site_title_display":false,"_swt_meta_sticky_header":false,"_swt_meta_transparent_header":false,"iawp_total_views":37,"footnotes":""},"class_list":["post-720","page","type-page","status-publish","hentry"],"yoast_head":"<!-- This site is optimized with the Yoast SEO plugin v27.6 - https:\/\/yoast.com\/product\/yoast-seo-wordpress\/ -->\n<title>Mentions L\u00e9gales - DYSITECH<\/title>\n<meta name=\"robots\" content=\"index, follow, max-snippet:-1, max-image-preview:large, max-video-preview:-1\" \/>\n<link rel=\"canonical\" href=\"https:\/\/dysitech.com\/en\/mentions-legales\/\" \/>\n<meta property=\"og:locale\" content=\"en_US\" \/>\n<meta property=\"og:type\" content=\"article\" \/>\n<meta property=\"og:title\" content=\"Mentions L\u00e9gales - DYSITECH\" \/>\n<meta property=\"og:description\" content=\"DYSITECH.COM Conform\u00e9ment aux dispositions des articles 6-III et 19 de la Loi n\u00b0 2004-575 du 21 juin 2004 pour la confiance dans l&rsquo;\u00e9conomie num\u00e9rique, dite L.C.E.N. nous portons \u00e0 la connaissance des utilisateurs et visiteurs du site :\u00a0www.dysitech.com\u00a0les informations suivantes : \u00c9DITEUR Le site&nbsp;www.dysitech.com&nbsp;est la propri\u00e9t\u00e9 exclusive de&nbsp;DYSITECH SAS, qui l&rsquo;\u00e9dite. DYSITECH Soci\u00e9t\u00e9 par actions [&hellip;]\" \/>\n<meta property=\"og:url\" content=\"https:\/\/dysitech.com\/en\/mentions-legales\/\" \/>\n<meta property=\"og:site_name\" content=\"DYSITECH\" \/>\n<meta property=\"article:modified_time\" content=\"2025-08-19T23:32:26+00:00\" \/>\n<meta name=\"twitter:card\" content=\"summary_large_image\" \/>\n<meta name=\"twitter:label1\" content=\"Est. reading time\" \/>\n\t<meta name=\"twitter:data1\" content=\"1 minute\" \/>\n<script type=\"application\/ld+json\" class=\"yoast-schema-graph\">{\"@context\":\"https:\\\/\\\/schema.org\",\"@graph\":[{\"@type\":\"WebPage\",\"@id\":\"https:\\\/\\\/dysitech.com\\\/mentions-legales\\\/\",\"url\":\"https:\\\/\\\/dysitech.com\\\/mentions-legales\\\/\",\"name\":\"Mentions L\u00e9gales - DYSITECH\",\"isPartOf\":{\"@id\":\"https:\\\/\\\/dysitech.com\\\/#website\"},\"datePublished\":\"2025-08-19T20:03:01+00:00\",\"dateModified\":\"2025-08-19T23:32:26+00:00\",\"breadcrumb\":{\"@id\":\"https:\\\/\\\/dysitech.com\\\/mentions-legales\\\/#breadcrumb\"},\"inLanguage\":\"en-US\",\"potentialAction\":[{\"@type\":\"ReadAction\",\"target\":[\"https:\\\/\\\/dysitech.com\\\/mentions-legales\\\/\"]}]},{\"@type\":\"BreadcrumbList\",\"@id\":\"https:\\\/\\\/dysitech.com\\\/mentions-legales\\\/#breadcrumb\",\"itemListElement\":[{\"@type\":\"ListItem\",\"position\":1,\"name\":\"Home\",\"item\":\"https:\\\/\\\/dysitech.com\\\/\"},{\"@type\":\"ListItem\",\"position\":2,\"name\":\"Mentions L\u00e9gales\"}]},{\"@type\":\"WebSite\",\"@id\":\"https:\\\/\\\/dysitech.com\\\/#website\",\"url\":\"https:\\\/\\\/dysitech.com\\\/\",\"name\":\"DYSITECH\",\"description\":\"Lab agile et multidisciplinaire\",\"potentialAction\":[{\"@type\":\"SearchAction\",\"target\":{\"@type\":\"EntryPoint\",\"urlTemplate\":\"https:\\\/\\\/dysitech.com\\\/?s={search_term_string}\"},\"query-input\":{\"@type\":\"PropertyValueSpecification\",\"valueRequired\":true,\"valueName\":\"search_term_string\"}}],\"inLanguage\":\"en-US\"}]}<\/script>\n<!-- \/ Yoast SEO plugin. -->","yoast_head_json":{"title":"Mentions L\u00e9gales - DYSITECH","robots":{"index":"index","follow":"follow","max-snippet":"max-snippet:-1","max-image-preview":"max-image-preview:large","max-video-preview":"max-video-preview:-1"},"canonical":"https:\/\/dysitech.com\/en\/mentions-legales\/","og_locale":"en_US","og_type":"article","og_title":"Mentions L\u00e9gales - DYSITECH","og_description":"DYSITECH.COM Conform\u00e9ment aux dispositions des articles 6-III et 19 de la Loi n\u00b0 2004-575 du 21 juin 2004 pour la confiance dans l&rsquo;\u00e9conomie num\u00e9rique, dite L.C.E.N. nous portons \u00e0 la connaissance des utilisateurs et visiteurs du site :\u00a0www.dysitech.com\u00a0les informations suivantes : \u00c9DITEUR Le site&nbsp;www.dysitech.com&nbsp;est la propri\u00e9t\u00e9 exclusive de&nbsp;DYSITECH SAS, qui l&rsquo;\u00e9dite. DYSITECH Soci\u00e9t\u00e9 par actions [&hellip;]","og_url":"https:\/\/dysitech.com\/en\/mentions-legales\/","og_site_name":"DYSITECH","article_modified_time":"2025-08-19T23:32:26+00:00","twitter_card":"summary_large_image","twitter_misc":{"Est. reading time":"1 minute"},"schema":{"@context":"https:\/\/schema.org","@graph":[{"@type":"WebPage","@id":"https:\/\/dysitech.com\/mentions-legales\/","url":"https:\/\/dysitech.com\/mentions-legales\/","name":"Mentions L\u00e9gales - DYSITECH","isPartOf":{"@id":"https:\/\/dysitech.com\/#website"},"datePublished":"2025-08-19T20:03:01+00:00","dateModified":"2025-08-19T23:32:26+00:00","breadcrumb":{"@id":"https:\/\/dysitech.com\/mentions-legales\/#breadcrumb"},"inLanguage":"en-US","potentialAction":[{"@type":"ReadAction","target":["https:\/\/dysitech.com\/mentions-legales\/"]}]},{"@type":"BreadcrumbList","@id":"https:\/\/dysitech.com\/mentions-legales\/#breadcrumb","itemListElement":[{"@type":"ListItem","position":1,"name":"Home","item":"https:\/\/dysitech.com\/"},{"@type":"ListItem","position":2,"name":"Mentions L\u00e9gales"}]},{"@type":"WebSite","@id":"https:\/\/dysitech.com\/#website","url":"https:\/\/dysitech.com\/","name":"DYSITECH","description":"Lab agile et multidisciplinaire","potentialAction":[{"@type":"SearchAction","target":{"@type":"EntryPoint","urlTemplate":"https:\/\/dysitech.com\/?s={search_term_string}"},"query-input":{"@type":"PropertyValueSpecification","valueRequired":true,"valueName":"search_term_string"}}],"inLanguage":"en-US"}]}},"_links":{"self":[{"href":"https:\/\/dysitech.com\/en\/wp-json\/wp\/v2\/pages\/720","targetHints":{"allow":["GET"]}}],"collection":[{"href":"https:\/\/dysitech.com\/en\/wp-json\/wp\/v2\/pages"}],"about":[{"href":"https:\/\/dysitech.com\/en\/wp-json\/wp\/v2\/types\/page"}],"author":[{"embeddable":true,"href":"https:\/\/dysitech.com\/en\/wp-json\/wp\/v2\/users\/1"}],"replies":[{"embeddable":true,"href":"https:\/\/dysitech.com\/en\/wp-json\/wp\/v2\/comments?post=720"}],"version-history":[{"count":4,"href":"https:\/\/dysitech.com\/en\/wp-json\/wp\/v2\/pages\/720\/revisions"}],"predecessor-version":[{"id":754,"href":"https:\/\/dysitech.com\/en\/wp-json\/wp\/v2\/pages\/720\/revisions\/754"}],"wp:attachment":[{"href":"https:\/\/dysitech.com\/en\/wp-json\/wp\/v2\/media?parent=720"}],"curies":[{"name":"wp","href":"https:\/\/api.w.org\/{rel}","templated":true}]}}