{"id":34,"date":"2025-05-20T03:42:50","date_gmt":"2025-05-20T01:42:50","guid":{"rendered":"https:\/\/dysitech.com\/?page_id=34"},"modified":"2025-08-22T17:54:14","modified_gmt":"2025-08-22T15:54:14","slug":"a-propos","status":"publish","type":"page","link":"https:\/\/dysitech.com\/en\/a-propos\/","title":{"rendered":"\u00c0 propos"},"content":{"rendered":"<div class=\"wp-block-nk-awb nk-awb nk-awb-fullheight nk-awb-content-valign-center alignfull has-radial-gradient-rgba-0-0-0-0-7-0-rgb-0-0-0-100-background-color has-background\" style=\"min-height:620px;padding-top:0;padding-bottom:0\"><div class=\"nk-awb-wrap\" style=\"background:radial-gradient(rgba(0,0,0,0.7) 0%,rgb(0,0,0) 100%)\" data-awb-type=\"image\" data-awb-parallax=\"scale-opacity\" data-awb-parallax-speed=\"2\" data-awb-parallax-mobile=\"true\" data-awb-image-background-size=\"cover\" data-awb-image-background-position=\"53% 100%\"><div class=\"nk-awb-overlay\" style=\"background: transparent;\"><\/div><div class=\"nk-awb-inner\"><img  class=\"wp-image-296 jarallax-img lws-optimize-lazyload\" width=\"2000\" height=\"1125\"  data-src=\"https:\/\/dysitech.com\/wp-content\/uploads\/2025\/07\/auvergne.jpg\" srcset=\"https:\/\/dysitech.com\/wp-content\/uploads\/2025\/07\/auvergne.jpg 2000w, https:\/\/dysitech.com\/wp-content\/uploads\/2025\/07\/auvergne-300x169.jpg 300w, https:\/\/dysitech.com\/wp-content\/uploads\/2025\/07\/auvergne-1024x576.jpg 1024w, https:\/\/dysitech.com\/wp-content\/uploads\/2025\/07\/auvergne-768x432.jpg 768w, https:\/\/dysitech.com\/wp-content\/uploads\/2025\/07\/auvergne-1536x864.jpg 1536w, https:\/\/dysitech.com\/wp-content\/uploads\/2025\/07\/auvergne-500x281.jpg 500w, https:\/\/dysitech.com\/wp-content\/uploads\/2025\/07\/auvergne-800x450.jpg 800w, https:\/\/dysitech.com\/wp-content\/uploads\/2025\/07\/auvergne-1280x720.jpg 1280w, https:\/\/dysitech.com\/wp-content\/uploads\/2025\/07\/auvergne-1920x1080.jpg 1920w\" sizes=\"(max-width: 2000px) 100vw, 2000px\" \/><\/div><\/div><div class=\"nk-awb-wrap-content has-global-padding is-content-justification-center is-layout-constrained wp-block-awb-is-layout-constrained\">\n<figure class=\"wp-block-image aligncenter size-full is-resized\" style=\"margin-top:var(--wp--preset--spacing--xx-large);margin-bottom:var(--wp--preset--spacing--xx-large)\"><img width=\"201\" height=\"177\"  alt=\"\" class=\"wp-image-933 lws-optimize-lazyload\" style=\"width:104px;height:auto\"><\/figure>\n<\/div><\/div>\n\n\n\n<div class=\"wp-block-group is-layout-flow wp-block-group-is-layout-flow\">\n<div class=\"wp-block-group alignfull is-layout-flow wp-container-core-group-is-layout-8e97220c wp-block-group-is-layout-flow\" style=\"padding-top:var(--wp--preset--spacing--x-large);padding-right:var(--wp--preset--spacing--x-small);padding-bottom:var(--wp--preset--spacing--x-large);padding-left:var(--wp--preset--spacing--x-small)\">\n<div class=\"wp-block-group is-layout-flow wp-block-group-is-layout-flow\">\n<p class=\"has-primary-color has-text-color has-medium-font-size\" style=\"letter-spacing:2px;text-transform:uppercase\">DYSITECH S.A.S.<\/p>\n\n\n\n<p class=\"has-small-font-size\">Cr\u00e9\u00e9e en 2019, DYSITECH est une petite structure ind\u00e9pendante qui con\u00e7oit et fabrique des prototypes fonctionnels, avec une forte culture technique de terrain. Elle intervient dans les secteurs de pointe comme l\u2019automobile, ainsi que sur des projets plus vari\u00e9s, en mobilisant une approche agile de l\u2019ing\u00e9nierie.<br><br>DYSITECH d\u00e9veloppe actuellement un hub technologique multidisciplinaire qui regroupera conception, innovation et fabrication sur un m\u00eame site, en s&rsquo;entourant de partenaires pour proposer des prestations techniques pointues et compl\u00e9mentaires.<br><br>PR\u00c6DARIUS Aera, l&rsquo;hypercar d\u00e9velopp\u00e9e en interne, en est la vitrine technologique.<\/p>\n<\/div>\n\n\n\n<div class=\"wp-block-columns are-vertically-aligned-top is-not-stacked-on-mobile is-layout-flex wp-container-core-columns-is-layout-28f84493 wp-block-columns-is-layout-flex\">\n<div class=\"wp-block-column is-vertically-aligned-top is-layout-flow wp-block-column-is-layout-flow\">\n<div class=\"wp-block-group is-layout-flow wp-container-core-group-is-layout-5c6138df wp-block-group-is-layout-flow\">\n<h5 class=\"wp-block-heading\"><strong>2019 Cr\u00e9ation de la soci\u00e9t\u00e9<\/strong><\/h5>\n\n\n\n<p class=\"has-small-font-size\">Cr\u00e9ation de DYSITECH par Bastien Cruvellier.<\/p>\n<\/div>\n<\/div>\n<\/div>\n\n\n\n<div class=\"wp-block-group is-layout-flow wp-container-core-group-is-layout-5c6138df wp-block-group-is-layout-flow\">\n<h5 class=\"wp-block-heading\">2020 &#8211; <strong>D\u00e9veloppement des premi\u00e8res innovations <\/strong><\/h5>\n\n\n\n<p class=\"has-small-font-size\">D\u00e9veloppement actif des premi\u00e8res innovations et cr\u00e9ation d\u2019un p\u00f4le R&amp;D d\u00e9di\u00e9 sp\u00e9cifiquement au secteur du sport automobile.<\/p>\n<\/div>\n\n\n\n<div class=\"wp-block-columns is-layout-flex wp-container-core-columns-is-layout-28f84493 wp-block-columns-is-layout-flex\">\n<div class=\"wp-block-column is-layout-flow wp-block-column-is-layout-flow\">\n<div class=\"wp-block-group is-layout-flow wp-container-core-group-is-layout-5c6138df wp-block-group-is-layout-flow\">\n<h5 class=\"wp-block-heading\"><strong><strong><strong>2021 &#8211; Lancement du service prototypage et fabrication composite, m\u00e9tallique<\/strong><\/strong><\/strong><\/h5>\n\n\n\n<p class=\"has-small-font-size\">D\u00e9ploiement d\u2019un service de prototypage et de fabrication en mat\u00e9riaux composites et m\u00e9talliques.<\/p>\n<\/div>\n<\/div>\n<\/div>\n\n\n\n<div class=\"wp-block-group is-layout-flow wp-container-core-group-is-layout-5c6138df wp-block-group-is-layout-flow\">\n<h5 class=\"wp-block-heading\"><strong><strong>2022 &#8211; Partenariats strat\u00e9giques et cr\u00e9ation du p\u00f4le formation<\/strong><\/strong><\/h5>\n\n\n\n<p class=\"has-small-font-size\">Signature de partenariats strat\u00e9giques \u00e0 l&rsquo;international, dans les secteurs du sport automobile, de l\u2019a\u00e9rospatiale et de la d\u00e9fense. Cr\u00e9ation d\u2019un p\u00f4le formation.<\/p>\n<\/div>\n\n\n\n<div class=\"wp-block-group is-layout-flow wp-container-core-group-is-layout-5c6138df wp-block-group-is-layout-flow\">\n<h5 class=\"wp-block-heading\"><strong><strong>2022 &#8211; Partenariats strat\u00e9giques et cr\u00e9ation du p\u00f4le formation<\/strong><\/strong><\/h5>\n\n\n\n<p class=\"has-small-font-size\">Signature de partenariats strat\u00e9giques \u00e0 l&rsquo;international, dans les secteurs du sport automobile, de l\u2019a\u00e9rospatiale et de la d\u00e9fense. Cr\u00e9ation d\u2019un p\u00f4le formation.<\/p>\n<\/div>\n\n\n\n<div class=\"wp-block-group is-layout-flow wp-container-core-group-is-layout-5c6138df wp-block-group-is-layout-flow\">\n<h5 class=\"wp-block-heading\"><strong><strong><strong>Changement de forme juridique&nbsp;(SAS)<\/strong><\/strong><\/strong><\/h5>\n\n\n\n<p class=\"has-small-font-size\">\u00c9volution de DYSITECH en Soci\u00e9t\u00e9 par Actions Simplifi\u00e9e (SAS) avec un capital de 20 000,00 \u20ac.&nbsp;<\/p>\n<\/div>\n\n\n\n<div class=\"wp-block-group is-layout-flow wp-container-core-group-is-layout-5c6138df wp-block-group-is-layout-flow\">\n<h5 class=\"wp-block-heading\"><strong><strong><strong>2023-2024 &#8211; Croissance et investissements <\/strong><\/strong><\/strong><\/h5>\n\n\n\n<p class=\"has-small-font-size\">Croissance importante de l\u2019activit\u00e9, soutenue par des investissements. Signature d\u2019un partenariat strat\u00e9gique avec ATLAS Formation, leader de la formation en Auvergne-Rh\u00f4ne-Alpes. Lancement du d\u00e9veloppement d\u2019un v\u00e9hicule sous une nouvelle marque constructeur. Achat des solutions Dassault Syst\u00e8mes CATIA 3DEXPERIENCE et CATIA V5 PLC.<\/p>\n<\/div>\n\n\n\n<div class=\"wp-block-group is-layout-flow wp-container-core-group-is-layout-5c6138df wp-block-group-is-layout-flow\">\n<h5 class=\"wp-block-heading\"><strong><strong><strong>2025 &#8211; Expansion et consolidation des partenariats<\/strong><\/strong><\/strong><\/h5>\n\n\n\n<p class=\"has-small-font-size\">Poursuite de l\u2019expansion de DYSITECH sur de nouveaux march\u00e9s internationaux, avec la signature de partenariats strat\u00e9giques dans les secteurs de l\u2019automobile.<br>L\u2019entreprise renforce ses capacit\u00e9s de production avec l\u2019acquisition d\u2019\u00e9quipements de pointe pour la fabrication de prototypes complexes.<br>DYSITECH acc\u00e9l\u00e8re \u00e9galement son innovation gr\u00e2ce \u00e0 son int\u00e9gration au programme <strong>NVIDIA Inception<\/strong>, d\u00e9di\u00e9 aux startups deeptech \u00e0 fort potentiel, et \u00e0 sa collaboration avec <strong>Volcano Platforms Inc.<\/strong>, une startup am\u00e9ricaine sp\u00e9cialis\u00e9e dans la simulation physique avanc\u00e9e, permettant des it\u00e9rations CFD pr\u00e9cises.<\/p>\n<\/div>\n\n\n\n<div class=\"wp-block-group is-layout-flow wp-container-core-group-is-layout-5c6138df wp-block-group-is-layout-flow\">\n<h5 class=\"wp-block-heading\"><strong><strong><strong>2025 \/ juin \u2013 Avant-premi\u00e8re de l&rsquo;hypercar PR\u00c6DARIUS<\/strong><\/strong><\/strong><\/h5>\n\n\n\n<p class=\"has-small-font-size\">DYSITECH d\u00e9voile en avant-premi\u00e8re le prototype fonctionnel de son hypercar PR\u00c6DARIUS Aera, fruit de plusieurs ann\u00e9es de d\u00e9veloppement confidentiel. Pr\u00e9sent\u00e9e \u00e0 Clermont-Ferrand, cette premi\u00e8re mondiale marque une \u00e9tape majeure pour l\u2019entreprise, qui affirme ainsi sa vision d\u2019un constructeur ind\u00e9pendant fran\u00e7ais alliant performance, innovation et ma\u00eetrise technique.<\/p>\n\n\n\n<p class=\"has-small-font-size\">Le projet PR\u00c6DARIUS s\u2019inscrit comme la vitrine technologique du savoir-faire de DYSITECH, mobilisant des comp\u00e9tences en conception, a\u00e9rodynamique, simulation avanc\u00e9e, fabrication composite et en IA. Ce prototype illustre \u00e9galement la capacit\u00e9 de l\u2019entreprise \u00e0 f\u00e9d\u00e9rer un \u00e9cosyst\u00e8me industriel autour d\u2019un projet ambitieux, port\u00e9 par la passion et la rigueur d\u2019une \u00e9quipe resserr\u00e9e.<\/p>\n<\/div>\n<\/div>\n<\/div>","protected":false},"excerpt":{"rendered":"<p>DYSITECH S.A.S. Cr\u00e9\u00e9e en 2019, DYSITECH est une petite structure ind\u00e9pendante qui con\u00e7oit et fabrique des prototypes fonctionnels, avec une forte culture technique de terrain. Elle intervient dans les secteurs de pointe comme l\u2019automobile, ainsi que sur des projets plus vari\u00e9s, en mobilisant une approche agile de l\u2019ing\u00e9nierie. DYSITECH d\u00e9veloppe actuellement un hub technologique multidisciplinaire [&hellip;]<\/p>","protected":false},"author":1,"featured_media":113,"parent":0,"menu_order":0,"comment_status":"closed","ping_status":"closed","template":"","meta":{"_swt_meta_header_display":false,"_swt_meta_footer_display":false,"_swt_meta_site_title_display":false,"_swt_meta_sticky_header":false,"_swt_meta_transparent_header":false,"iawp_total_views":391,"footnotes":""},"class_list":["post-34","page","type-page","status-publish","has-post-thumbnail","hentry"],"yoast_head":"<!-- This site is optimized with the Yoast SEO plugin v27.6 - https:\/\/yoast.com\/product\/yoast-seo-wordpress\/ -->\n<title>\u00c0 propos - DYSITECH<\/title>\n<meta name=\"robots\" content=\"index, follow, max-snippet:-1, max-image-preview:large, max-video-preview:-1\" \/>\n<link rel=\"canonical\" href=\"https:\/\/dysitech.com\/en\/a-propos\/\" \/>\n<meta property=\"og:locale\" content=\"en_US\" \/>\n<meta property=\"og:type\" content=\"article\" \/>\n<meta property=\"og:title\" content=\"\u00c0 propos - DYSITECH\" \/>\n<meta property=\"og:description\" content=\"DYSITECH S.A.S. Cr\u00e9\u00e9e en 2019, DYSITECH est une petite structure ind\u00e9pendante qui con\u00e7oit et fabrique des prototypes fonctionnels, avec une forte culture technique de terrain. Elle intervient dans les secteurs de pointe comme l\u2019automobile, ainsi que sur des projets plus vari\u00e9s, en mobilisant une approche agile de l\u2019ing\u00e9nierie. DYSITECH d\u00e9veloppe actuellement un hub technologique multidisciplinaire [&hellip;]\" \/>\n<meta property=\"og:url\" content=\"https:\/\/dysitech.com\/en\/a-propos\/\" \/>\n<meta property=\"og:site_name\" content=\"DYSITECH\" \/>\n<meta property=\"article:modified_time\" content=\"2025-08-22T15:54:14+00:00\" \/>\n<meta property=\"og:image\" content=\"https:\/\/dysitech.com\/wp-content\/uploads\/2025\/04\/0_0-1.jpg\" \/>\n\t<meta property=\"og:image:width\" content=\"1024\" \/>\n\t<meta property=\"og:image:height\" content=\"1024\" \/>\n\t<meta property=\"og:image:type\" content=\"image\/jpeg\" \/>\n<meta name=\"twitter:card\" content=\"summary_large_image\" \/>\n<meta name=\"twitter:label1\" content=\"Est. reading time\" \/>\n\t<meta name=\"twitter:data1\" content=\"3 minutes\" \/>\n<script type=\"application\/ld+json\" class=\"yoast-schema-graph\">{\"@context\":\"https:\\\/\\\/schema.org\",\"@graph\":[{\"@type\":\"WebPage\",\"@id\":\"https:\\\/\\\/dysitech.com\\\/a-propos\\\/\",\"url\":\"https:\\\/\\\/dysitech.com\\\/a-propos\\\/\",\"name\":\"\u00c0 propos - DYSITECH\",\"isPartOf\":{\"@id\":\"https:\\\/\\\/dysitech.com\\\/#website\"},\"primaryImageOfPage\":{\"@id\":\"https:\\\/\\\/dysitech.com\\\/a-propos\\\/#primaryimage\"},\"image\":{\"@id\":\"https:\\\/\\\/dysitech.com\\\/a-propos\\\/#primaryimage\"},\"thumbnailUrl\":\"https:\\\/\\\/dysitech.com\\\/wp-content\\\/uploads\\\/2025\\\/04\\\/0_0-1.jpg\",\"datePublished\":\"2025-05-20T01:42:50+00:00\",\"dateModified\":\"2025-08-22T15:54:14+00:00\",\"breadcrumb\":{\"@id\":\"https:\\\/\\\/dysitech.com\\\/a-propos\\\/#breadcrumb\"},\"inLanguage\":\"en-US\",\"potentialAction\":[{\"@type\":\"ReadAction\",\"target\":[\"https:\\\/\\\/dysitech.com\\\/a-propos\\\/\"]}]},{\"@type\":\"ImageObject\",\"inLanguage\":\"en-US\",\"@id\":\"https:\\\/\\\/dysitech.com\\\/a-propos\\\/#primaryimage\",\"url\":\"https:\\\/\\\/dysitech.com\\\/wp-content\\\/uploads\\\/2025\\\/04\\\/0_0-1.jpg\",\"contentUrl\":\"https:\\\/\\\/dysitech.com\\\/wp-content\\\/uploads\\\/2025\\\/04\\\/0_0-1.jpg\",\"width\":1024,\"height\":1024},{\"@type\":\"BreadcrumbList\",\"@id\":\"https:\\\/\\\/dysitech.com\\\/a-propos\\\/#breadcrumb\",\"itemListElement\":[{\"@type\":\"ListItem\",\"position\":1,\"name\":\"Home\",\"item\":\"https:\\\/\\\/dysitech.com\\\/\"},{\"@type\":\"ListItem\",\"position\":2,\"name\":\"\u00c0 propos\"}]},{\"@type\":\"WebSite\",\"@id\":\"https:\\\/\\\/dysitech.com\\\/#website\",\"url\":\"https:\\\/\\\/dysitech.com\\\/\",\"name\":\"DYSITECH\",\"description\":\"Lab agile et multidisciplinaire\",\"potentialAction\":[{\"@type\":\"SearchAction\",\"target\":{\"@type\":\"EntryPoint\",\"urlTemplate\":\"https:\\\/\\\/dysitech.com\\\/?s={search_term_string}\"},\"query-input\":{\"@type\":\"PropertyValueSpecification\",\"valueRequired\":true,\"valueName\":\"search_term_string\"}}],\"inLanguage\":\"en-US\"}]}<\/script>\n<!-- \/ Yoast SEO plugin. -->","yoast_head_json":{"title":"\u00c0 propos - DYSITECH","robots":{"index":"index","follow":"follow","max-snippet":"max-snippet:-1","max-image-preview":"max-image-preview:large","max-video-preview":"max-video-preview:-1"},"canonical":"https:\/\/dysitech.com\/en\/a-propos\/","og_locale":"en_US","og_type":"article","og_title":"\u00c0 propos - DYSITECH","og_description":"DYSITECH S.A.S. Cr\u00e9\u00e9e en 2019, DYSITECH est une petite structure ind\u00e9pendante qui con\u00e7oit et fabrique des prototypes fonctionnels, avec une forte culture technique de terrain. Elle intervient dans les secteurs de pointe comme l\u2019automobile, ainsi que sur des projets plus vari\u00e9s, en mobilisant une approche agile de l\u2019ing\u00e9nierie. DYSITECH d\u00e9veloppe actuellement un hub technologique multidisciplinaire [&hellip;]","og_url":"https:\/\/dysitech.com\/en\/a-propos\/","og_site_name":"DYSITECH","article_modified_time":"2025-08-22T15:54:14+00:00","og_image":[{"width":1024,"height":1024,"url":"https:\/\/dysitech.com\/wp-content\/uploads\/2025\/04\/0_0-1.jpg","type":"image\/jpeg"}],"twitter_card":"summary_large_image","twitter_misc":{"Est. reading time":"3 minutes"},"schema":{"@context":"https:\/\/schema.org","@graph":[{"@type":"WebPage","@id":"https:\/\/dysitech.com\/a-propos\/","url":"https:\/\/dysitech.com\/a-propos\/","name":"\u00c0 propos - DYSITECH","isPartOf":{"@id":"https:\/\/dysitech.com\/#website"},"primaryImageOfPage":{"@id":"https:\/\/dysitech.com\/a-propos\/#primaryimage"},"image":{"@id":"https:\/\/dysitech.com\/a-propos\/#primaryimage"},"thumbnailUrl":"https:\/\/dysitech.com\/wp-content\/uploads\/2025\/04\/0_0-1.jpg","datePublished":"2025-05-20T01:42:50+00:00","dateModified":"2025-08-22T15:54:14+00:00","breadcrumb":{"@id":"https:\/\/dysitech.com\/a-propos\/#breadcrumb"},"inLanguage":"en-US","potentialAction":[{"@type":"ReadAction","target":["https:\/\/dysitech.com\/a-propos\/"]}]},{"@type":"ImageObject","inLanguage":"en-US","@id":"https:\/\/dysitech.com\/a-propos\/#primaryimage","url":"https:\/\/dysitech.com\/wp-content\/uploads\/2025\/04\/0_0-1.jpg","contentUrl":"https:\/\/dysitech.com\/wp-content\/uploads\/2025\/04\/0_0-1.jpg","width":1024,"height":1024},{"@type":"BreadcrumbList","@id":"https:\/\/dysitech.com\/a-propos\/#breadcrumb","itemListElement":[{"@type":"ListItem","position":1,"name":"Home","item":"https:\/\/dysitech.com\/"},{"@type":"ListItem","position":2,"name":"\u00c0 propos"}]},{"@type":"WebSite","@id":"https:\/\/dysitech.com\/#website","url":"https:\/\/dysitech.com\/","name":"DYSITECH","description":"Lab agile et multidisciplinaire","potentialAction":[{"@type":"SearchAction","target":{"@type":"EntryPoint","urlTemplate":"https:\/\/dysitech.com\/?s={search_term_string}"},"query-input":{"@type":"PropertyValueSpecification","valueRequired":true,"valueName":"search_term_string"}}],"inLanguage":"en-US"}]}},"_links":{"self":[{"href":"https:\/\/dysitech.com\/en\/wp-json\/wp\/v2\/pages\/34","targetHints":{"allow":["GET"]}}],"collection":[{"href":"https:\/\/dysitech.com\/en\/wp-json\/wp\/v2\/pages"}],"about":[{"href":"https:\/\/dysitech.com\/en\/wp-json\/wp\/v2\/types\/page"}],"author":[{"embeddable":true,"href":"https:\/\/dysitech.com\/en\/wp-json\/wp\/v2\/users\/1"}],"replies":[{"embeddable":true,"href":"https:\/\/dysitech.com\/en\/wp-json\/wp\/v2\/comments?post=34"}],"version-history":[{"count":63,"href":"https:\/\/dysitech.com\/en\/wp-json\/wp\/v2\/pages\/34\/revisions"}],"predecessor-version":[{"id":935,"href":"https:\/\/dysitech.com\/en\/wp-json\/wp\/v2\/pages\/34\/revisions\/935"}],"wp:featuredmedia":[{"embeddable":true,"href":"https:\/\/dysitech.com\/en\/wp-json\/wp\/v2\/media\/113"}],"wp:attachment":[{"href":"https:\/\/dysitech.com\/en\/wp-json\/wp\/v2\/media?parent=34"}],"curies":[{"name":"wp","href":"https:\/\/api.w.org\/{rel}","templated":true}]}}